{"id":505127,"date":"2023-08-10T09:42:53","date_gmt":"2023-08-10T07:42:53","guid":{"rendered":"https:\/\/dist.claret.cat\/?page_id=505127"},"modified":"2023-08-10T11:24:41","modified_gmt":"2023-08-10T09:24:41","slug":"cliente-no-identificado","status":"publish","type":"page","link":"https:\/\/distribuidora.claret.cat\/es\/cliente-no-identificado\/","title":{"rendered":"Cliente no identificado"},"content":{"rendered":"<div id=\"pl-505127\"  class=\"panel-layout\" ><div id=\"pg-505127-0\"  class=\"panel-grid panel-no-style\" ><div id=\"pgc-505127-0-0\"  class=\"panel-grid-cell\" ><div id=\"panel-505127-0-0-0\" class=\"so-panel widget widget_sow-editor panel-first-child panel-last-child\" data-index=\"0\" ><div\n\t\t\t\n\t\t\tclass=\"so-widget-sow-editor so-widget-sow-editor-base\"\n\t\t\t\n\t\t>\n<div class=\"siteorigin-widget-tinymce textwidget\">\n\t<p>Bienvenidos a la p\u00e1gina web de la Distribuidora Claret.<\/p>\n<p>Para acceder a la p\u00e1gina debe estar registrado. Si todav\u00eda no lo est\u00e1, a continuaci\u00f3n, puede registrarse. Muchas gracias.<\/p>\n<p><a class=\"btgenerico mr20 ib\" href=\"\/es\/crear-cuenta\/\">Crear cuenta de usuario<\/a> <a class=\"btgenerico ib\" href=\"\/es\/mi-cuenta\/\">Identificarse<\/a><\/p>\n<\/div>\n<\/div><\/div><\/div><\/div><\/div>","protected":false},"excerpt":{"rendered":"<p>Bienvenidos a la p\u00e1gina web de la Distribuidora Claret. Para acceder a la p\u00e1gina debe estar registrado. Si todav\u00eda no lo est\u00e1, a continuaci\u00f3n, puede registrarse. Muchas gracias. Crear cuenta de usuario Identificarse<\/p>\n","protected":false},"author":2,"featured_media":0,"parent":0,"menu_order":33,"comment_status":"closed","ping_status":"closed","template":"template-fullwidth.php","meta":{"_acf_changed":false,"rs_blank_template":"","rs_page_bg_color":"","slide_template_v7":"","inline_featured_image":false,"_monsterinsights_skip_tracking":false,"_monsterinsights_sitenote_active":false,"_monsterinsights_sitenote_note":"","_monsterinsights_sitenote_category":0,"footnotes":""},"class_list":["post-505127","page","type-page","status-publish","hentry"],"acf":[],"_links":{"self":[{"href":"https:\/\/distribuidora.claret.cat\/es\/wp-json\/wp\/v2\/pages\/505127","targetHints":{"allow":["GET"]}}],"collection":[{"href":"https:\/\/distribuidora.claret.cat\/es\/wp-json\/wp\/v2\/pages"}],"about":[{"href":"https:\/\/distribuidora.claret.cat\/es\/wp-json\/wp\/v2\/types\/page"}],"author":[{"embeddable":true,"href":"https:\/\/distribuidora.claret.cat\/es\/wp-json\/wp\/v2\/users\/2"}],"replies":[{"embeddable":true,"href":"https:\/\/distribuidora.claret.cat\/es\/wp-json\/wp\/v2\/comments?post=505127"}],"version-history":[{"count":2,"href":"https:\/\/distribuidora.claret.cat\/es\/wp-json\/wp\/v2\/pages\/505127\/revisions"}],"predecessor-version":[{"id":505130,"href":"https:\/\/distribuidora.claret.cat\/es\/wp-json\/wp\/v2\/pages\/505127\/revisions\/505130"}],"wp:attachment":[{"href":"https:\/\/distribuidora.claret.cat\/es\/wp-json\/wp\/v2\/media?parent=505127"}],"curies":[{"name":"wp","href":"https:\/\/api.w.org\/{rel}","templated":true}]}}