{"id":8119,"date":"2022-09-16T17:55:28","date_gmt":"2022-09-16T15:55:28","guid":{"rendered":"http:\/\/dev.claret.cat\/?page_id=8119"},"modified":"2022-09-19T17:00:10","modified_gmt":"2022-09-19T15:00:10","slug":"actividades-anteriores","status":"publish","type":"page","link":"https:\/\/distribuidora.claret.cat\/es\/distribuidora\/actividades-anteriores\/","title":{"rendered":"Actividades anteriores"},"content":{"rendered":"<div id=\"pl-8119\"  class=\"panel-layout\" ><div id=\"pg-8119-0\"  class=\"panel-grid panel-has-style\" ><div class=\"cont-actividades panel-row-style panel-row-style-for-8119-0\" ><div id=\"pgc-8119-0-0\"  class=\"panel-grid-cell\" ><ul class=\"loop-actividades loadmore\"><li><div class=\"img\"><a href=\"https:\/\/distribuidora.claret.cat\/es\/actividad\/presentacio-del-llibre-la-dimensio-humana-el-jesus-dels-evangelis-a-barcelona\/\"><img decoding=\"async\" src=\"https:\/\/distribuidora.claret.cat\/wp-content\/uploads\/unnamed-file-26.jpeg\" \/><\/a><\/div><div class=\"datos\"><a href=\"https:\/\/distribuidora.claret.cat\/es\/actividad\/presentacio-del-llibre-la-dimensio-humana-el-jesus-dels-evangelis-a-barcelona\/\"><p class=\"fecha\">14 \/ 04<\/p><p class=\"categoria\"><\/p><h3>Presentaci\u00f3 del llibre \u2018La dimensi\u00f3 humana. El Jes\u00fas dels evangelis\u2019 a Barcelona<\/h3><p>El proper dimarts 14 d\u2019abril a les 19:00h et convidem a la presentaci\u00f3 del llibre La dimensi\u00f3 humana. El Jes\u00fas dels evangelis, del doctor en medicina i filosofia Jaume Duran i Navarro. Hi participaran tamb\u00e9 Claustre Sol\u00e9, doctora en teologia i Ramon M\u00aa Nogu\u00e9s Carulla, catedr\u00e0tic en antropologia biol\u00f2gica i te\u00f2leg. No t\u2019ho perdis!<\/p>\n<\/a><\/div><div class=\"clr\"><\/div><\/li><li><div class=\"img\"><a href=\"https:\/\/distribuidora.claret.cat\/es\/actividad\/presentacio-del-llibre-el-dia-es-lleva-la-tarda-es-colga-a-barcelona\/\"><img decoding=\"async\" src=\"https:\/\/distribuidora.claret.cat\/wp-content\/uploads\/unnamed-file-27.jpeg\" \/><\/a><\/div><div class=\"datos\"><a href=\"https:\/\/distribuidora.claret.cat\/es\/actividad\/presentacio-del-llibre-el-dia-es-lleva-la-tarda-es-colga-a-barcelona\/\"><p class=\"fecha\">09 \/ 04<\/p><p class=\"categoria\"><\/p><h3>Presentaci\u00f3 del llibre \u2018El dia es lleva, la tarda es colga\u2019 a Barcelona<\/h3><p>El proper dijous 9 d\u2019abril a les 18:30h us esperem a la llibreria Claret de Barcelona per gaudir de l\u2019ultima novetat de la nostra Editorial: El dia es lleva, la tarda es colga. El doctor en filologia i te\u00f2leg Carles Riera i Fonts presentar\u00e0 el seu nou llibre de poemes, que inclou des de composicions [&hellip;]<\/p>\n<\/a><\/div><div class=\"clr\"><\/div><\/li><li><div class=\"img\"><a href=\"https:\/\/distribuidora.claret.cat\/es\/actividad\/presentacio-del-llibre-el-papa-frontissa-lleo-xiv-a-barcelona\/\"><img decoding=\"async\" src=\"https:\/\/distribuidora.claret.cat\/wp-content\/uploads\/unnamed-file-25.jpeg\" \/><\/a><\/div><div class=\"datos\"><a href=\"https:\/\/distribuidora.claret.cat\/es\/actividad\/presentacio-del-llibre-el-papa-frontissa-lleo-xiv-a-barcelona\/\"><p class=\"fecha\">17 \/ 03<\/p><p class=\"categoria\"><\/p><h3>Presentaci\u00f3 del llibre \u2018El Papa frontissa. Lle\u00f3 XIV\u2019 a Barcelona<\/h3><p>El proper dimarts 17 de mar\u00e7 a les 18:30h, et convidem a la presentaci\u00f3 del llibre El Papa frontissa. Lle\u00f3 XIV, de la religiosa dominica i periodista Gemma Morat\u00f3 a la llibreria Claret de Barcelona. Descobreix els secrets d\u2019una lectura teol\u00f2gica, espiritual i profundament pastoral del pontificat de Lle\u00f3 XIV, ent\u00e8s com una frontissa discreta [&hellip;]<\/p>\n<\/a><\/div><div class=\"clr\"><\/div><\/li><\/ul><div class=\"elm-wrapper\">\n  <button class=\"elm-button\" data-href=\"https:\/\/distribuidora.claret.cat\/es\/wp-json\/wp\/v2\/pages\/8119\" data-page=\"1\" data-max-pages=\"0\">\n    <div class=\"elm-loading-anim\">Cargando...<\/div>\n    <span class=\"elm-button-text\">Cargar m\u00e1s actividades<\/span>\n  <\/button>\n<\/div>\n<div id=\"panel-8119-0-0-0\" class=\"so-panel widget widget_sow-editor panel-first-child panel-last-child\" data-index=\"0\" ><div\n\t\t\t\n\t\t\tclass=\"so-widget-sow-editor so-widget-sow-editor-base\"\n\t\t\t\n\t\t>\n<div class=\"siteorigin-widget-tinymce textwidget\">\n\t\n<\/div>\n<\/div><\/div><\/div><div id=\"pgc-8119-0-1\"  class=\"panel-grid-cell\" ><div id=\"panel-8119-0-1-0\" class=\"so-panel widget widget_sow-editor panel-first-child\" data-index=\"1\" ><div\n\t\t\t\n\t\t\tclass=\"so-widget-sow-editor so-widget-sow-editor-base\"\n\t\t\t\n\t\t>\n<div class=\"siteorigin-widget-tinymce textwidget\">\n\t<h2>Pr\u00f3ximas actividades<\/h2>\n<\/div>\n<\/div><\/div><p class=\"noresult\">No se han encontrado actividades<\/p><div id=\"panel-8119-0-1-1\" class=\"so-panel widget widget_sow-editor panel-last-child\" data-index=\"2\" ><div\n\t\t\t\n\t\t\tclass=\"so-widget-sow-editor so-widget-sow-editor-base\"\n\t\t\t\n\t\t>\n<div class=\"siteorigin-widget-tinymce textwidget\">\n\t\n<\/div>\n<\/div><\/div><\/div><\/div><\/div><\/div>","protected":false},"excerpt":{"rendered":"<p>Pr\u00f3ximas actividades<\/p>\n","protected":false},"author":2,"featured_media":0,"parent":8100,"menu_order":6,"comment_status":"closed","ping_status":"closed","template":"template-fullwidth.php","meta":{"_acf_changed":false,"rs_blank_template":"","rs_page_bg_color":"","slide_template_v7":"","inline_featured_image":false,"_monsterinsights_skip_tracking":false,"_monsterinsights_sitenote_active":false,"_monsterinsights_sitenote_note":"","_monsterinsights_sitenote_category":0,"footnotes":""},"class_list":["post-8119","page","type-page","status-publish","hentry"],"acf":[],"_links":{"self":[{"href":"https:\/\/distribuidora.claret.cat\/es\/wp-json\/wp\/v2\/pages\/8119","targetHints":{"allow":["GET"]}}],"collection":[{"href":"https:\/\/distribuidora.claret.cat\/es\/wp-json\/wp\/v2\/pages"}],"about":[{"href":"https:\/\/distribuidora.claret.cat\/es\/wp-json\/wp\/v2\/types\/page"}],"author":[{"embeddable":true,"href":"https:\/\/distribuidora.claret.cat\/es\/wp-json\/wp\/v2\/users\/2"}],"replies":[{"embeddable":true,"href":"https:\/\/distribuidora.claret.cat\/es\/wp-json\/wp\/v2\/comments?post=8119"}],"version-history":[{"count":0,"href":"https:\/\/distribuidora.claret.cat\/es\/wp-json\/wp\/v2\/pages\/8119\/revisions"}],"up":[{"embeddable":true,"href":"https:\/\/distribuidora.claret.cat\/es\/wp-json\/wp\/v2\/pages\/8100"}],"wp:attachment":[{"href":"https:\/\/distribuidora.claret.cat\/es\/wp-json\/wp\/v2\/media?parent=8119"}],"curies":[{"name":"wp","href":"https:\/\/api.w.org\/{rel}","templated":true}]}}